{"id":4470,"date":"2025-07-31T13:10:54","date_gmt":"2025-07-31T12:10:54","guid":{"rendered":"https:\/\/www.loroparque-fundacion.org\/congreso-papagayos\/espacio-ventas\/"},"modified":"2026-03-10T09:51:50","modified_gmt":"2026-03-10T09:51:50","slug":"espacio-ventas","status":"publish","type":"page","link":"https:\/\/www.congresopapagayos.com\/fr\/espacio-ventas\/","title":{"rendered":"Hebergement"},"content":{"rendered":"\n<figure class=\"wp-block-image alignwide size-full\"><img loading=\"lazy\" width=\"642\" height=\"264\" src=\"https:\/\/www.loroparque.com\/congreso-papagayos\/wp-content\/uploads\/LOGO-CONGRESO-DE-LOROS-FRANCES-1.png\" alt=\"\" class=\"wp-image-6073\" srcset=\"https:\/\/www.congresopapagayos.com\/wp-content\/uploads\/LOGO-CONGRESO-DE-LOROS-FRANCES-1.png 642w, https:\/\/www.congresopapagayos.com\/wp-content\/uploads\/LOGO-CONGRESO-DE-LOROS-FRANCES-1-300x123.png 300w, https:\/\/www.congresopapagayos.com\/wp-content\/uploads\/LOGO-CONGRESO-DE-LOROS-FRANCES-1-600x247.png 600w\" sizes=\"(max-width: 642px) 100vw, 642px\" \/><\/figure>\n\n\n\n<figure class=\"wp-block-table\"><table><tbody><tr><td><\/td><td><\/td><\/tr><tr><td><\/td><td><\/td><\/tr><\/tbody><\/table><\/figure>\n\n\n<h1 style=\"text-align: center;\">Exposez. Connectez. D\u00e9marquez-vous.<\/h1>\n\n\n<p><br><\/p>\n\n\n<h5>Pendant trois journ\u00e9es exceptionnelles, Tenerife deviendra l\u2019\u00e9picentre mondial de la conservation, de la science et de la passion pour les perroquets.<\/h5>\n<h5>Avez-vous des produits ou services \u00e0 pr\u00e9senter ? \u00cates-vous actif dans les secteurs li\u00e9s au monde animal, \u00e0 la nature ou \u00e0 l\u2019\u00e9ducation ?<\/h5>\n<p><\/p>\n\n\n<p><br><\/p>\n\n\n<h4><strong>Saisissez cette opportunit\u00e9 unique<\/strong><\/h4>\n\n\n<p><br><\/p>\n\n\n<h5>R\u00e9servez votre espace de vente au si\u00e8ge du congr\u00e8s et faites d\u00e9couvrir votre marque \u00e0 une audience internationale compos\u00e9e d\u2019experts, d\u2019\u00e9leveurs, de v\u00e9t\u00e9rinaires, de scientifiques et de passionn\u00e9s d\u2019oiseaux venus des cinq continents.<\/h5>\n<h5>De plus, les stands donnent un acc\u00e8s complet \u00e0 toutes les sessions du congr\u00e8s, aux activit\u00e9s parall\u00e8les ainsi qu\u2019aux \u00e9v\u00e9nements sociaux.<\/h5>\n<h5><strong>\u00a0<\/strong><\/h5>\n<h5><strong>OPTIONS DISPONIBLES :\u00a0 \u00a0 \u00a0 \u00a0 \u00a0 \u00a0 \u00a0 \u00a0 \u00a0 \u00a0<span style=\"color: #ff0000;\">COMPLET<\/span><\/strong><\/h5>\n\n\n<figure class=\"wp-block-table is-style-regular has-medium-font-size\"><table class=\"has-fixed-layout\"><tbody><tr><td class=\"has-text-align-left\" data-align=\"left\">Grand stand \u2013 Couloir ext\u00e9rieur&nbsp;<\/td><td>Prix: 1.200 \u20ac<\/td><\/tr><tr><td class=\"has-text-align-left\" data-align=\"left\">Grand stand \u2013 Couloir int\u00e9rieur&nbsp;<\/td><td>Prix: 1.000 \u20ac<\/td><\/tr><tr><td class=\"has-text-align-left\" data-align=\"left\">Petit stand&nbsp;<\/td><td>Prix: 800 \u20ac<\/td><\/tr><\/tbody><\/table><\/figure>\n\n\n\n<h5>Ne manquez pas l\u2019opportunit\u00e9 d\u2019\u00eatre pr\u00e9sent lors de cette \u00e9dition historique, qui c\u00e9l\u00e8bre les 40 ans du Congr\u00e8s et rassemblera des participants venus des cinq continents.<\/h5>\n\n\n\n<p><br><\/p>\n\n\n\n<h5  style=\"color:#a99436;\"><strong>Places limit\u00e9es !<\/strong><\/h5>\n\n\n\n<p><br><\/p>\n\n\n\n<h5>Contactez-nous d\u00e8s aujourd\u2019hui pour conna\u00eetre les conditions sp\u00e9cifiques \u00e0 chaque stand et garantir votre emplacement.<\/h5>\n\n\n\n<h5>Pour plus d\u2019informations et pour r\u00e9server, n\u2019h\u00e9sitez pas \u00e0 nous \u00e9crire \u00e0  <a style=\"color:#a99436;\" href=\"mailto:congreso@loroparque.com\">congreso@loroparque.com<\/a>.<\/h5>\n","protected":false},"excerpt":{"rendered":"<p>Exposez. Connectez. D\u00e9marquez-vous. Pendant trois journ\u00e9es exceptionnelles, Tenerife deviendra l\u2019\u00e9picentre mondial de la conservation, de la science et de la<\/p>\n","protected":false},"author":2,"featured_media":5893,"parent":0,"menu_order":0,"comment_status":"closed","ping_status":"closed","template":"templates\/programme.php","meta":{"inline_featured_image":false,"_price":"","_stock":"","_tribe_ticket_header":"","_tribe_default_ticket_provider":"","_tribe_ticket_capacity":"0","_ticket_start_date":"","_ticket_end_date":"","_tribe_ticket_show_description":"","_tribe_ticket_show_not_going":false,"_tribe_ticket_use_global_stock":"","_tribe_ticket_global_stock_level":"","_global_stock_mode":"","_global_stock_cap":"","_tribe_rsvp_for_event":"","_tribe_ticket_going_count":"","_tribe_ticket_not_going_count":"","_tribe_tickets_list":[],"_tribe_ticket_has_attendee_info_fields":false},"yoast_head":"<!-- This site is optimized with the Yoast SEO plugin v18.5.1 - https:\/\/yoast.com\/wordpress\/plugins\/seo\/ -->\n<title>Hebergement - XI Congreso de Papagayos de Tenerife<\/title>\n<meta name=\"description\" content=\"R\u00e9servez votre espace de vente au si\u00e8ge du congr\u00e8s et faites d\u00e9couvrir votre marque \u00e0 une audience internationale compos\u00e9e d\u2019experts,\" \/>\n<meta name=\"robots\" content=\"index, follow, max-snippet:-1, max-image-preview:large, max-video-preview:-1\" \/>\n<link rel=\"canonical\" href=\"https:\/\/www.congresopapagayos.com\/fr\/espacio-ventas\/\" \/>\n<meta property=\"og:locale\" content=\"fr_FR\" \/>\n<meta property=\"og:type\" content=\"article\" \/>\n<meta property=\"og:title\" content=\"Hebergement - XI Congreso de Papagayos de Tenerife\" \/>\n<meta property=\"og:description\" content=\"R\u00e9servez votre espace de vente au si\u00e8ge du congr\u00e8s et faites d\u00e9couvrir votre marque \u00e0 une audience internationale compos\u00e9e d\u2019experts,\" \/>\n<meta property=\"og:url\" content=\"https:\/\/www.congresopapagayos.com\/fr\/espacio-ventas\/\" \/>\n<meta property=\"og:site_name\" content=\"XI Congreso de Papagayos de Tenerife\" \/>\n<meta property=\"article:modified_time\" content=\"2026-03-10T09:51:50+00:00\" \/>\n<meta name=\"twitter:card\" content=\"summary_large_image\" \/>\n<meta name=\"twitter:image\" content=\"https:\/\/www.congresopapagayos.com\/wp-content\/uploads\/FONDO1-1-scaled.webp\" \/>\n<meta name=\"twitter:label1\" content=\"Dur\u00e9e de lecture estim\u00e9e\" \/>\n\t<meta name=\"twitter:data1\" content=\"2 minutes\" \/>\n<script type=\"application\/ld+json\" class=\"yoast-schema-graph\">{\"@context\":\"https:\/\/schema.org\",\"@graph\":[{\"@type\":\"WebSite\",\"@id\":\"https:\/\/www.congresopapagayos.com\/#website\",\"url\":\"https:\/\/www.congresopapagayos.com\/\",\"name\":\"XI Congreso de Papagayos de Tenerife\",\"description\":\"XI Congreso de Papagayos de Tenerife 2026\",\"potentialAction\":[{\"@type\":\"SearchAction\",\"target\":{\"@type\":\"EntryPoint\",\"urlTemplate\":\"https:\/\/www.congresopapagayos.com\/?s={search_term_string}\"},\"query-input\":\"required name=search_term_string\"}],\"inLanguage\":\"fr-FR\"},{\"@type\":\"ImageObject\",\"@id\":\"https:\/\/www.congresopapagayos.com\/fr\/espacio-ventas\/#primaryimage\",\"inLanguage\":\"fr-FR\",\"url\":\"https:\/\/www.congresopapagayos.com\/wp-content\/uploads\/FONDO1-1-scaled.webp\",\"contentUrl\":\"https:\/\/www.congresopapagayos.com\/wp-content\/uploads\/FONDO1-1-scaled.webp\",\"width\":1540,\"height\":2560},{\"@type\":\"WebPage\",\"@id\":\"https:\/\/www.congresopapagayos.com\/fr\/espacio-ventas\/#webpage\",\"url\":\"https:\/\/www.congresopapagayos.com\/fr\/espacio-ventas\/\",\"name\":\"Hebergement - XI Congreso de Papagayos de Tenerife\",\"isPartOf\":{\"@id\":\"https:\/\/www.congresopapagayos.com\/#website\"},\"primaryImageOfPage\":{\"@id\":\"https:\/\/www.congresopapagayos.com\/fr\/espacio-ventas\/#primaryimage\"},\"datePublished\":\"2025-07-31T12:10:54+00:00\",\"dateModified\":\"2026-03-10T09:51:50+00:00\",\"description\":\"R\u00e9servez votre espace de vente au si\u00e8ge du congr\u00e8s et faites d\u00e9couvrir votre marque \u00e0 une audience internationale compos\u00e9e d\u2019experts,\",\"breadcrumb\":{\"@id\":\"https:\/\/www.congresopapagayos.com\/fr\/espacio-ventas\/#breadcrumb\"},\"inLanguage\":\"fr-FR\",\"potentialAction\":[{\"@type\":\"ReadAction\",\"target\":[\"https:\/\/www.congresopapagayos.com\/fr\/espacio-ventas\/\"]}]},{\"@type\":\"BreadcrumbList\",\"@id\":\"https:\/\/www.congresopapagayos.com\/fr\/espacio-ventas\/#breadcrumb\",\"itemListElement\":[{\"@type\":\"ListItem\",\"position\":1,\"name\":\"Hebergement\"}]}]}<\/script>\n<!-- \/ Yoast SEO plugin. -->","yoast_head_json":{"title":"Hebergement - XI Congreso de Papagayos de Tenerife","description":"R\u00e9servez votre espace de vente au si\u00e8ge du congr\u00e8s et faites d\u00e9couvrir votre marque \u00e0 une audience internationale compos\u00e9e d\u2019experts,","robots":{"index":"index","follow":"follow","max-snippet":"max-snippet:-1","max-image-preview":"max-image-preview:large","max-video-preview":"max-video-preview:-1"},"canonical":"https:\/\/www.congresopapagayos.com\/fr\/espacio-ventas\/","og_locale":"fr_FR","og_type":"article","og_title":"Hebergement - XI Congreso de Papagayos de Tenerife","og_description":"R\u00e9servez votre espace de vente au si\u00e8ge du congr\u00e8s et faites d\u00e9couvrir votre marque \u00e0 une audience internationale compos\u00e9e d\u2019experts,","og_url":"https:\/\/www.congresopapagayos.com\/fr\/espacio-ventas\/","og_site_name":"XI Congreso de Papagayos de Tenerife","article_modified_time":"2026-03-10T09:51:50+00:00","twitter_card":"summary_large_image","twitter_image":"https:\/\/www.congresopapagayos.com\/wp-content\/uploads\/FONDO1-1-scaled.webp","twitter_misc":{"Dur\u00e9e de lecture estim\u00e9e":"2 minutes"},"schema":{"@context":"https:\/\/schema.org","@graph":[{"@type":"WebSite","@id":"https:\/\/www.congresopapagayos.com\/#website","url":"https:\/\/www.congresopapagayos.com\/","name":"XI Congreso de Papagayos de Tenerife","description":"XI Congreso de Papagayos de Tenerife 2026","potentialAction":[{"@type":"SearchAction","target":{"@type":"EntryPoint","urlTemplate":"https:\/\/www.congresopapagayos.com\/?s={search_term_string}"},"query-input":"required name=search_term_string"}],"inLanguage":"fr-FR"},{"@type":"ImageObject","@id":"https:\/\/www.congresopapagayos.com\/fr\/espacio-ventas\/#primaryimage","inLanguage":"fr-FR","url":"https:\/\/www.congresopapagayos.com\/wp-content\/uploads\/FONDO1-1-scaled.webp","contentUrl":"https:\/\/www.congresopapagayos.com\/wp-content\/uploads\/FONDO1-1-scaled.webp","width":1540,"height":2560},{"@type":"WebPage","@id":"https:\/\/www.congresopapagayos.com\/fr\/espacio-ventas\/#webpage","url":"https:\/\/www.congresopapagayos.com\/fr\/espacio-ventas\/","name":"Hebergement - XI Congreso de Papagayos de Tenerife","isPartOf":{"@id":"https:\/\/www.congresopapagayos.com\/#website"},"primaryImageOfPage":{"@id":"https:\/\/www.congresopapagayos.com\/fr\/espacio-ventas\/#primaryimage"},"datePublished":"2025-07-31T12:10:54+00:00","dateModified":"2026-03-10T09:51:50+00:00","description":"R\u00e9servez votre espace de vente au si\u00e8ge du congr\u00e8s et faites d\u00e9couvrir votre marque \u00e0 une audience internationale compos\u00e9e d\u2019experts,","breadcrumb":{"@id":"https:\/\/www.congresopapagayos.com\/fr\/espacio-ventas\/#breadcrumb"},"inLanguage":"fr-FR","potentialAction":[{"@type":"ReadAction","target":["https:\/\/www.congresopapagayos.com\/fr\/espacio-ventas\/"]}]},{"@type":"BreadcrumbList","@id":"https:\/\/www.congresopapagayos.com\/fr\/espacio-ventas\/#breadcrumb","itemListElement":[{"@type":"ListItem","position":1,"name":"Hebergement"}]}]}},"_links":{"self":[{"href":"https:\/\/www.congresopapagayos.com\/fr\/wp-json\/wp\/v2\/pages\/4470"}],"collection":[{"href":"https:\/\/www.congresopapagayos.com\/fr\/wp-json\/wp\/v2\/pages"}],"about":[{"href":"https:\/\/www.congresopapagayos.com\/fr\/wp-json\/wp\/v2\/types\/page"}],"author":[{"embeddable":true,"href":"https:\/\/www.congresopapagayos.com\/fr\/wp-json\/wp\/v2\/users\/2"}],"replies":[{"embeddable":true,"href":"https:\/\/www.congresopapagayos.com\/fr\/wp-json\/wp\/v2\/comments?post=4470"}],"version-history":[{"count":14,"href":"https:\/\/www.congresopapagayos.com\/fr\/wp-json\/wp\/v2\/pages\/4470\/revisions"}],"predecessor-version":[{"id":7705,"href":"https:\/\/www.congresopapagayos.com\/fr\/wp-json\/wp\/v2\/pages\/4470\/revisions\/7705"}],"wp:featuredmedia":[{"embeddable":true,"href":"https:\/\/www.congresopapagayos.com\/fr\/wp-json\/wp\/v2\/media\/5893"}],"wp:attachment":[{"href":"https:\/\/www.congresopapagayos.com\/fr\/wp-json\/wp\/v2\/media?parent=4470"}],"curies":[{"name":"wp","href":"https:\/\/api.w.org\/{rel}","templated":true}]}}