{"id":708,"date":"2021-10-28T10:17:15","date_gmt":"2021-10-28T09:17:15","guid":{"rendered":"https:\/\/papagayos.22grados.dev\/cookie-hinweis\/"},"modified":"2025-10-14T13:14:59","modified_gmt":"2025-10-14T12:14:59","slug":"cookie-hinweis","status":"publish","type":"page","link":"https:\/\/www.congresopapagayos.com\/de\/cookie-hinweis\/","title":{"rendered":"Cookie Hinweis"},"content":{"rendered":"\n<hr class=\"wp-block-separator has-alpha-channel-opacity\"\/>\n\n\n\n<h3>Was sind Cookies?<\/h3>\n\n\n\n<p><br>Ein Cookie ist eine Datei, die auf Ihren Computer, Ihr Smartphone oder Ihr Ger\u00e4t heruntergeladen wird, wenn Sie eine Website aufrufen. Cookies erm\u00f6glichen es der Website, Informationen \u00fcber die Surfgewohnheiten oder die Ausr\u00fcstung des Nutzers zu speichern und abzurufen, und je nach den darin enthaltenen Informationen und der Art und Weise, wie Sie Ihre Ausr\u00fcstung verwenden, k\u00f6nnen sie zur Wiedererkennung des Nutzers verwendet werden.<\/p>\n\n\n\n<h3>Welche Arten von Cookies gibt es?<\/h3>\n\n\n\n<ul><li>Funktionale Cookies und technische Cookies: Diese sind f\u00fcr die Bereitstellung bestimmter, vom Nutzer ausdr\u00fccklich angeforderter Dienste unbedingt erforderlich; wenn diese Cookies deaktiviert werden, k\u00f6nnen Sie unsere Inhalte oder Dienste nicht korrekt empfangen.<\/li><li>Soziale Cookies: Sie steuern die Interaktion mit den Schaltfl\u00e4chen der sozialen Netzwerke auf der Website. Sie werden in den Dom\u00e4nen &#8222;youtube.com&#8220;, &#8222;facebook.com&#8220;, &#8222;google.com&#8220; und &#8222;twitter.com&#8220; verwendet.<\/li><li>Analyse-Cookies: Sie k\u00f6nnen von uns oder von Dritten behandelt werden und erm\u00f6glichen es uns, die Anzahl der Nutzer zu quantifizieren und die Nutzung der Website durch die Nutzer zu messen und statistisch zu analysieren. Ihr Surfverhalten wird analysiert, um das Angebot an Produkten und Dienstleistungen f\u00fcr Sie zu verbessern.<\/li><li>Cookies f\u00fcr verhaltensbasierte Werbung: Sie werden von uns oder von Dritten behandelt und erm\u00f6glichen es uns, das Angebot an Werbefl\u00e4chen auf der Website so effizient wie m\u00f6glich zu verwalten, indem wir den Inhalt der Werbung an den Inhalt des angeforderten Dienstes, an die Nutzung der Website oder an die Informationen, die wir \u00fcber Ihre Surfgewohnheiten im Internet haben, wie z. B. die Seiten, die Sie gew\u00f6hnlich besuchen, Interaktionen mit der Website oder Schl\u00fcsselw\u00f6rter, anpassen. Auf diese Weise k\u00f6nnen wir ein Profil des Nutzers erstellen, um ihm auf seine Interessen abgestimmte Werbung zukommen zu lassen.<\/li><\/ul>\n\n\n\n<h3>Gibt es nur Kekse?<\/h3>\n\n\n\n<p><br>Es kann sein, dass es Websites gibt, die andere Formen der Speicherung \u00e4hnlich wie Cookies, aber mit mehr Kapazit\u00e4t, oder andere Formen der lokalen Speicherung von Daten auf dem Computer des Kunden, zum Beispiel, verwenden:<\/p>\n\n\n\n<p>HTML5 LocalStorage und sessionStorage: Speicherplatz, den die Website auf dem Computer des Benutzers nutzen kann. Normalerweise k\u00f6nnen sie durch L\u00f6schen des Browserverlaufs gel\u00f6scht werden.<br>Flash &#8222;Local Shared Objects&#8220; (Silverlights &#8222;isolierter Speicher&#8220;): Diese werden in dem Microsoft-Ordner gespeichert, in dem sich das Profil des Benutzers befindet. Sie m\u00fcssen in den Ordner gehen und ihn l\u00f6schen. (Beispiel: Vimeo-Videos).<br>Diese Dateien sind aufdringlicher als Cookies, da sie komplizierter zu l\u00f6schen sind, mehr Informationen speichern und unabh\u00e4ngig vom verwendeten Browser sind.<\/p>\n\n\n\n<h3>Was passiert, wenn Cookies deaktiviert sind?<\/h3>\n\n\n\n<p><br>Wenn Sie keine Cookies akzeptieren, installieren wir ein Ablehnungs-Cookie auf Ihrem Computer, das uns mitteilt, dass Sie bei sp\u00e4teren Besuchen keine Cookies w\u00fcnschen.<\/p>\n\n\n\n<h3>Wo werden die durch Cookies gesammelten Daten gespeichert?<\/h3>\n\n\n\n<p><br>Cookies von Dritten k\u00f6nnen in L\u00e4ndern au\u00dferhalb der Europ\u00e4ischen Union gespeichert werden. Einige Unternehmen wie Google, Facebook oder Twitter sind unter anderem Mitglied des Privacy-Shield-Abkommens, das sicherstellt, dass die beteiligten amerikanischen Unternehmen die europ\u00e4ischen Datenschutzrichtlinien zum Schutz der Privatsph\u00e4re einhalten. Weitere Informationen zum Privacy Shield finden Sie unter dem folgenden Link.<\/p>\n\n\n\n<p>Bei anderen Diensten pr\u00fcfen wir und ergreifen geeignete Ma\u00dfnahmen, um sicherzustellen, dass die Datenverarbeitung mit den geltenden Vorschriften \u00fcbereinstimmt.<\/p>\n\n\n\n<h3>Aktualisieren wir unsere Cookie-Richtlinie?<\/h3>\n\n\n\n<p><br>Wir k\u00f6nnen die Cookie-Richtlinie auf unserer Website aktualisieren, daher empfehlen wir Ihnen, diese Richtlinie jedes Mal zu \u00fcberpr\u00fcfen, wenn Sie auf unsere Website zugreifen, um genau dar\u00fcber informiert zu sein, wie und wozu wir Cookies verwenden.<\/p>\n\n\n\n<h3>Welche Art von Cookies werden auf dieser Website verwendet?<\/h3>\n\n\n\n<figure class=\"wp-block-table\"><table><tbody><tr><td><strong>Name<\/strong><\/td><td><strong>Beschreibung<\/strong><\/td><td><strong>Zweck<\/strong><\/td><td><strong>Anbieter<\/strong><\/td><td><strong>Verfallsdatum<\/strong><\/td><\/tr><tr><td>wp-wpml_current_language<\/td><td>Speichert die aktuelle Sprache.&nbsp;Standardm\u00e4\u00dfig wird dieses Cookie nur f\u00fcr angemeldete Benutzer gesetzt.&nbsp;Wenn Sie das Sprach-Cookie aktivieren, um die AJAX-Filterung zu unterst\u00fctzen, wird dieses Cookie auch f\u00fcr nicht eingeloggte Benutzer gesetzt.<\/td><td>Technik<\/td><td>WPML<\/td><td>1 tag.<\/td><\/tr><tr><td>wordpress_test_cookie<\/td><td>Wird f\u00fcr den WordPress Content Manager verwendet, um zu pr\u00fcfen, ob der Browser Cookies aktiviert hat.<\/td><td>Technik<\/td><td>WordPress<\/td><td>Sitzung.<\/td><\/tr><tr><td>wp-settings-1<\/td><td>Dient zur Anpassung der Benutzeroberfl\u00e4che<\/td><td>Technik<\/td><td><\/td><td>1 Jahr.<\/td><\/tr><tr><td>wp-settings-time-1<\/td><td>Dient zur Anpassung der Benutzeroberfl\u00e4che<\/td><td>Technik<\/td><td>UTE ADSIS-EXIT<\/td><td>1 Jahr.<\/td><\/tr><tr><td>wordpress_logged_in_f7f69c007457e368d2ec12c48f7d5151<\/td><td>Wird f\u00fcr angemeldete Benutzer verwendet<\/td><td>Technik<\/td><td><\/td><td>Sitzung.<\/td><\/tr><\/tbody><\/table><\/figure>\n\n\n\n<h3>Wie k\u00f6nnen Sie Ihre Cookies konfigurieren?<\/h3>\n\n\n\n<p><br>\u00dcber das Banner, das beim Zugriff auf die Website erscheint, haben Sie die M\u00f6glichkeit, Ihr Recht auf Blockierung, L\u00f6schung und Ablehnung der Verwendung von Cookies auszu\u00fcben. Sie k\u00f6nnen unser Konfigurationspanel f\u00fcr Cookies f\u00fcr den Benutzer aufrufen, indem Sie auf diesen Link klicken und so Ihre Zustimmung widerrufen.<\/p>\n\n\n\n<p>Sie k\u00f6nnen auch Ihre Browseroptionen \u00e4ndern. Zum Beispiel:<\/p>\n\n\n\n<ol><li><strong>Internet Explorer<\/strong>:&nbsp;<a href=\"https:\/\/support.microsoft.com\/es-es\/help\/278835\/how-to-delete-cookie-files-in-internet-explorer\">https:\/\/support.microsoft.com\/es-es\/help\/278835\/how-to-delete-cookie-files-in-internet-explorer<\/a><\/li><li><strong>Mozilla Firefox<\/strong>:&nbsp;<a href=\"https:\/\/support.mozilla.org\/es\/kb\/Borrar%20cookies\">https:\/\/support.mozilla.org\/es\/kb\/Borrar%20cookies<\/a><\/li><li><strong>Google Chrome<\/strong>:&nbsp;<a href=\"https:\/\/support.google.com\/accounts\/answer\/61416?co=GENIE.Platform%3DDesktop&amp;hl=es\">https:\/\/support.google.com\/accounts\/answer\/61416?co=GENIE.Platform%3DDesktop&amp;hl=es<\/a><\/li><li><strong>Safari:&nbsp;<\/strong><a href=\"https:\/\/support.apple.com\/es-es\/guide\/safari\/sfri11471\/mac\">https:\/\/support.apple.com\/es-es\/guide\/safari\/sfri11471\/mac<\/a>&nbsp;&nbsp;<\/li><li><strong>Safari para iPhone, iPad o iPod touch.&nbsp;<\/strong>:&nbsp;<a href=\"https:\/\/support.apple.com\/es-es\/HT201265\">https:\/\/support.apple.com\/es-es\/HT201265<\/a><\/li><li><strong>Opera :&nbsp;<\/strong><a href=\"https:\/\/help.opera.com\/en\/latest\/web-preferences\/#cookies\">https:\/\/help.opera.com\/en\/latest\/web-preferences\/#cookies<\/a><\/li><\/ol>\n\n\n\n<p><br>Was die von Google Analytics und Google Audiencies verwendeten Cookies betrifft, so haben Sie die M\u00f6glichkeit, diese \u00fcber das von Google zur Verf\u00fcgung gestellte Tool zu deaktivieren. Weitere Informationen erhalten Sie \u00fcber diesen Link.<\/p>\n","protected":false},"excerpt":{"rendered":"<p>Was sind Cookies? Ein Cookie ist eine Datei, die auf Ihren Computer, Ihr Smartphone oder Ihr Ger\u00e4t heruntergeladen wird, wenn<\/p>\n","protected":false},"author":2,"featured_media":0,"parent":0,"menu_order":0,"comment_status":"closed","ping_status":"closed","template":"templates\/legal.php","meta":{"inline_featured_image":false,"_price":"","_stock":"","_tribe_ticket_header":"","_tribe_default_ticket_provider":"","_tribe_ticket_capacity":"","_ticket_start_date":"","_ticket_end_date":"","_tribe_ticket_show_description":"","_tribe_ticket_show_not_going":false,"_tribe_ticket_use_global_stock":"","_tribe_ticket_global_stock_level":"","_global_stock_mode":"","_global_stock_cap":"","_tribe_rsvp_for_event":"","_tribe_ticket_going_count":"","_tribe_ticket_not_going_count":"","_tribe_tickets_list":[],"_tribe_ticket_has_attendee_info_fields":false},"yoast_head":"<!-- This site is optimized with the Yoast SEO plugin v18.5.1 - https:\/\/yoast.com\/wordpress\/plugins\/seo\/ -->\n<title>Cookie Hinweis - XI Congreso de Papagayos de Tenerife<\/title>\n<meta name=\"robots\" content=\"noindex, nofollow\" \/>\n<meta property=\"og:locale\" content=\"de_DE\" \/>\n<meta property=\"og:type\" content=\"article\" \/>\n<meta property=\"og:title\" content=\"Cookie Hinweis - XI Congreso de Papagayos de Tenerife\" \/>\n<meta property=\"og:description\" content=\"Was sind Cookies? Ein Cookie ist eine Datei, die auf Ihren Computer, Ihr Smartphone oder Ihr Ger\u00e4t heruntergeladen wird, wenn\" \/>\n<meta property=\"og:url\" content=\"https:\/\/www.congresopapagayos.com\/de\/cookie-hinweis\/\" \/>\n<meta property=\"og:site_name\" content=\"XI Congreso de Papagayos de Tenerife\" \/>\n<meta property=\"article:modified_time\" content=\"2025-10-14T12:14:59+00:00\" \/>\n<meta name=\"twitter:card\" content=\"summary_large_image\" \/>\n<meta name=\"twitter:label1\" content=\"Gesch\u00e4tzte Lesezeit\" \/>\n\t<meta name=\"twitter:data1\" content=\"4\u00a0Minuten\" \/>\n<script type=\"application\/ld+json\" class=\"yoast-schema-graph\">{\"@context\":\"https:\/\/schema.org\",\"@graph\":[{\"@type\":\"WebSite\",\"@id\":\"https:\/\/www.congresopapagayos.com\/#website\",\"url\":\"https:\/\/www.congresopapagayos.com\/\",\"name\":\"XI Congreso de Papagayos de Tenerife\",\"description\":\"XI Congreso de Papagayos de Tenerife 2026\",\"potentialAction\":[{\"@type\":\"SearchAction\",\"target\":{\"@type\":\"EntryPoint\",\"urlTemplate\":\"https:\/\/www.congresopapagayos.com\/?s={search_term_string}\"},\"query-input\":\"required name=search_term_string\"}],\"inLanguage\":\"de\"},{\"@type\":\"WebPage\",\"@id\":\"https:\/\/www.congresopapagayos.com\/de\/cookie-hinweis\/#webpage\",\"url\":\"https:\/\/www.congresopapagayos.com\/de\/cookie-hinweis\/\",\"name\":\"Cookie Hinweis - XI Congreso de Papagayos de Tenerife\",\"isPartOf\":{\"@id\":\"https:\/\/www.congresopapagayos.com\/#website\"},\"datePublished\":\"2021-10-28T09:17:15+00:00\",\"dateModified\":\"2025-10-14T12:14:59+00:00\",\"breadcrumb\":{\"@id\":\"https:\/\/www.congresopapagayos.com\/de\/cookie-hinweis\/#breadcrumb\"},\"inLanguage\":\"de\",\"potentialAction\":[{\"@type\":\"ReadAction\",\"target\":[\"https:\/\/www.congresopapagayos.com\/de\/cookie-hinweis\/\"]}]},{\"@type\":\"BreadcrumbList\",\"@id\":\"https:\/\/www.congresopapagayos.com\/de\/cookie-hinweis\/#breadcrumb\",\"itemListElement\":[{\"@type\":\"ListItem\",\"position\":1,\"name\":\"Cookie Hinweis\"}]}]}<\/script>\n<!-- \/ Yoast SEO plugin. -->","yoast_head_json":{"title":"Cookie Hinweis - XI Congreso de Papagayos de Tenerife","robots":{"index":"noindex","follow":"nofollow"},"og_locale":"de_DE","og_type":"article","og_title":"Cookie Hinweis - XI Congreso de Papagayos de Tenerife","og_description":"Was sind Cookies? Ein Cookie ist eine Datei, die auf Ihren Computer, Ihr Smartphone oder Ihr Ger\u00e4t heruntergeladen wird, wenn","og_url":"https:\/\/www.congresopapagayos.com\/de\/cookie-hinweis\/","og_site_name":"XI Congreso de Papagayos de Tenerife","article_modified_time":"2025-10-14T12:14:59+00:00","twitter_card":"summary_large_image","twitter_misc":{"Gesch\u00e4tzte Lesezeit":"4\u00a0Minuten"},"schema":{"@context":"https:\/\/schema.org","@graph":[{"@type":"WebSite","@id":"https:\/\/www.congresopapagayos.com\/#website","url":"https:\/\/www.congresopapagayos.com\/","name":"XI Congreso de Papagayos de Tenerife","description":"XI Congreso de Papagayos de Tenerife 2026","potentialAction":[{"@type":"SearchAction","target":{"@type":"EntryPoint","urlTemplate":"https:\/\/www.congresopapagayos.com\/?s={search_term_string}"},"query-input":"required name=search_term_string"}],"inLanguage":"de"},{"@type":"WebPage","@id":"https:\/\/www.congresopapagayos.com\/de\/cookie-hinweis\/#webpage","url":"https:\/\/www.congresopapagayos.com\/de\/cookie-hinweis\/","name":"Cookie Hinweis - XI Congreso de Papagayos de Tenerife","isPartOf":{"@id":"https:\/\/www.congresopapagayos.com\/#website"},"datePublished":"2021-10-28T09:17:15+00:00","dateModified":"2025-10-14T12:14:59+00:00","breadcrumb":{"@id":"https:\/\/www.congresopapagayos.com\/de\/cookie-hinweis\/#breadcrumb"},"inLanguage":"de","potentialAction":[{"@type":"ReadAction","target":["https:\/\/www.congresopapagayos.com\/de\/cookie-hinweis\/"]}]},{"@type":"BreadcrumbList","@id":"https:\/\/www.congresopapagayos.com\/de\/cookie-hinweis\/#breadcrumb","itemListElement":[{"@type":"ListItem","position":1,"name":"Cookie Hinweis"}]}]}},"_links":{"self":[{"href":"https:\/\/www.congresopapagayos.com\/de\/wp-json\/wp\/v2\/pages\/708"}],"collection":[{"href":"https:\/\/www.congresopapagayos.com\/de\/wp-json\/wp\/v2\/pages"}],"about":[{"href":"https:\/\/www.congresopapagayos.com\/de\/wp-json\/wp\/v2\/types\/page"}],"author":[{"embeddable":true,"href":"https:\/\/www.congresopapagayos.com\/de\/wp-json\/wp\/v2\/users\/2"}],"replies":[{"embeddable":true,"href":"https:\/\/www.congresopapagayos.com\/de\/wp-json\/wp\/v2\/comments?post=708"}],"version-history":[{"count":3,"href":"https:\/\/www.congresopapagayos.com\/de\/wp-json\/wp\/v2\/pages\/708\/revisions"}],"predecessor-version":[{"id":6896,"href":"https:\/\/www.congresopapagayos.com\/de\/wp-json\/wp\/v2\/pages\/708\/revisions\/6896"}],"wp:attachment":[{"href":"https:\/\/www.congresopapagayos.com\/de\/wp-json\/wp\/v2\/media?parent=708"}],"curies":[{"name":"wp","href":"https:\/\/api.w.org\/{rel}","templated":true}]}}