{"id":618,"date":"2021-10-27T09:45:31","date_gmt":"2021-10-27T08:45:31","guid":{"rendered":"http:\/\/papagayos.22grados.dev\/redner\/"},"modified":"2025-12-23T13:30:06","modified_gmt":"2025-12-23T13:30:06","slug":"redner","status":"publish","type":"page","link":"https:\/\/www.congresopapagayos.com\/de\/redner\/","title":{"rendered":"Referenten"},"content":{"rendered":"","protected":false},"excerpt":{"rendered":"","protected":false},"author":2,"featured_media":5894,"parent":0,"menu_order":0,"comment_status":"closed","ping_status":"closed","template":"templates\/speaker.php","meta":{"inline_featured_image":false,"_price":"","_stock":"","_tribe_ticket_header":"","_tribe_default_ticket_provider":"","_tribe_ticket_capacity":"","_ticket_start_date":"","_ticket_end_date":"","_tribe_ticket_show_description":"","_tribe_ticket_show_not_going":false,"_tribe_ticket_use_global_stock":"","_tribe_ticket_global_stock_level":"","_global_stock_mode":"","_global_stock_cap":"","_tribe_rsvp_for_event":"","_tribe_ticket_going_count":"","_tribe_ticket_not_going_count":"","_tribe_tickets_list":[],"_tribe_ticket_has_attendee_info_fields":false},"yoast_head":"<!-- This site is optimized with the Yoast SEO plugin v18.5.1 - https:\/\/yoast.com\/wordpress\/plugins\/seo\/ -->\n<title>Referenten - XI Congreso de Papagayos de Tenerife<\/title>\n<meta name=\"description\" content=\"Die Referenten bringen eine Geschichte mit, die es verdient, geh\u00f6rt zu werden. Sie sind Wissenschaftler, Natursch\u00fctzer, Tier\u00e4rzte, Z\u00fcchter\" \/>\n<meta name=\"robots\" content=\"index, follow, max-snippet:-1, max-image-preview:large, max-video-preview:-1\" \/>\n<link rel=\"canonical\" href=\"https:\/\/www.congresopapagayos.com\/de\/redner\/\" \/>\n<meta property=\"og:locale\" content=\"de_DE\" \/>\n<meta property=\"og:type\" content=\"article\" \/>\n<meta property=\"og:title\" content=\"Referenten - XI Congreso de Papagayos de Tenerife\" \/>\n<meta property=\"og:description\" content=\"Die Referenten bringen eine Geschichte mit, die es verdient, geh\u00f6rt zu werden. Sie sind Wissenschaftler, Natursch\u00fctzer, Tier\u00e4rzte, Z\u00fcchter\" \/>\n<meta property=\"og:url\" content=\"https:\/\/www.congresopapagayos.com\/de\/redner\/\" \/>\n<meta property=\"og:site_name\" content=\"XI Congreso de Papagayos de Tenerife\" \/>\n<meta property=\"article:modified_time\" content=\"2025-12-23T13:30:06+00:00\" \/>\n<meta name=\"twitter:card\" content=\"summary_large_image\" \/>\n<meta name=\"twitter:image\" content=\"https:\/\/www.congresopapagayos.com\/wp-content\/uploads\/FONDO1-1-scaled.webp\" \/>\n<script type=\"application\/ld+json\" class=\"yoast-schema-graph\">{\"@context\":\"https:\/\/schema.org\",\"@graph\":[{\"@type\":\"WebSite\",\"@id\":\"https:\/\/www.congresopapagayos.com\/#website\",\"url\":\"https:\/\/www.congresopapagayos.com\/\",\"name\":\"XI Congreso de Papagayos de Tenerife\",\"description\":\"XI Congreso de Papagayos de Tenerife 2026\",\"potentialAction\":[{\"@type\":\"SearchAction\",\"target\":{\"@type\":\"EntryPoint\",\"urlTemplate\":\"https:\/\/www.congresopapagayos.com\/?s={search_term_string}\"},\"query-input\":\"required name=search_term_string\"}],\"inLanguage\":\"de\"},{\"@type\":\"ImageObject\",\"@id\":\"https:\/\/www.congresopapagayos.com\/de\/redner\/#primaryimage\",\"inLanguage\":\"de\",\"url\":\"https:\/\/www.congresopapagayos.com\/wp-content\/uploads\/FONDO1-1-scaled.webp\",\"contentUrl\":\"https:\/\/www.congresopapagayos.com\/wp-content\/uploads\/FONDO1-1-scaled.webp\",\"width\":1540,\"height\":2560},{\"@type\":\"WebPage\",\"@id\":\"https:\/\/www.congresopapagayos.com\/de\/redner\/#webpage\",\"url\":\"https:\/\/www.congresopapagayos.com\/de\/redner\/\",\"name\":\"Referenten - XI Congreso de Papagayos de Tenerife\",\"isPartOf\":{\"@id\":\"https:\/\/www.congresopapagayos.com\/#website\"},\"primaryImageOfPage\":{\"@id\":\"https:\/\/www.congresopapagayos.com\/de\/redner\/#primaryimage\"},\"datePublished\":\"2021-10-27T08:45:31+00:00\",\"dateModified\":\"2025-12-23T13:30:06+00:00\",\"description\":\"Die Referenten bringen eine Geschichte mit, die es verdient, geh\u00f6rt zu werden. Sie sind Wissenschaftler, Natursch\u00fctzer, Tier\u00e4rzte, Z\u00fcchter\",\"breadcrumb\":{\"@id\":\"https:\/\/www.congresopapagayos.com\/de\/redner\/#breadcrumb\"},\"inLanguage\":\"de\",\"potentialAction\":[{\"@type\":\"ReadAction\",\"target\":[\"https:\/\/www.congresopapagayos.com\/de\/redner\/\"]}]},{\"@type\":\"BreadcrumbList\",\"@id\":\"https:\/\/www.congresopapagayos.com\/de\/redner\/#breadcrumb\",\"itemListElement\":[{\"@type\":\"ListItem\",\"position\":1,\"name\":\"Referenten\"}]}]}<\/script>\n<!-- \/ Yoast SEO plugin. -->","yoast_head_json":{"title":"Referenten - XI Congreso de Papagayos de Tenerife","description":"Die Referenten bringen eine Geschichte mit, die es verdient, geh\u00f6rt zu werden. Sie sind Wissenschaftler, Natursch\u00fctzer, Tier\u00e4rzte, Z\u00fcchter","robots":{"index":"index","follow":"follow","max-snippet":"max-snippet:-1","max-image-preview":"max-image-preview:large","max-video-preview":"max-video-preview:-1"},"canonical":"https:\/\/www.congresopapagayos.com\/de\/redner\/","og_locale":"de_DE","og_type":"article","og_title":"Referenten - XI Congreso de Papagayos de Tenerife","og_description":"Die Referenten bringen eine Geschichte mit, die es verdient, geh\u00f6rt zu werden. Sie sind Wissenschaftler, Natursch\u00fctzer, Tier\u00e4rzte, Z\u00fcchter","og_url":"https:\/\/www.congresopapagayos.com\/de\/redner\/","og_site_name":"XI Congreso de Papagayos de Tenerife","article_modified_time":"2025-12-23T13:30:06+00:00","twitter_card":"summary_large_image","twitter_image":"https:\/\/www.congresopapagayos.com\/wp-content\/uploads\/FONDO1-1-scaled.webp","schema":{"@context":"https:\/\/schema.org","@graph":[{"@type":"WebSite","@id":"https:\/\/www.congresopapagayos.com\/#website","url":"https:\/\/www.congresopapagayos.com\/","name":"XI Congreso de Papagayos de Tenerife","description":"XI Congreso de Papagayos de Tenerife 2026","potentialAction":[{"@type":"SearchAction","target":{"@type":"EntryPoint","urlTemplate":"https:\/\/www.congresopapagayos.com\/?s={search_term_string}"},"query-input":"required name=search_term_string"}],"inLanguage":"de"},{"@type":"ImageObject","@id":"https:\/\/www.congresopapagayos.com\/de\/redner\/#primaryimage","inLanguage":"de","url":"https:\/\/www.congresopapagayos.com\/wp-content\/uploads\/FONDO1-1-scaled.webp","contentUrl":"https:\/\/www.congresopapagayos.com\/wp-content\/uploads\/FONDO1-1-scaled.webp","width":1540,"height":2560},{"@type":"WebPage","@id":"https:\/\/www.congresopapagayos.com\/de\/redner\/#webpage","url":"https:\/\/www.congresopapagayos.com\/de\/redner\/","name":"Referenten - XI Congreso de Papagayos de Tenerife","isPartOf":{"@id":"https:\/\/www.congresopapagayos.com\/#website"},"primaryImageOfPage":{"@id":"https:\/\/www.congresopapagayos.com\/de\/redner\/#primaryimage"},"datePublished":"2021-10-27T08:45:31+00:00","dateModified":"2025-12-23T13:30:06+00:00","description":"Die Referenten bringen eine Geschichte mit, die es verdient, geh\u00f6rt zu werden. Sie sind Wissenschaftler, Natursch\u00fctzer, Tier\u00e4rzte, Z\u00fcchter","breadcrumb":{"@id":"https:\/\/www.congresopapagayos.com\/de\/redner\/#breadcrumb"},"inLanguage":"de","potentialAction":[{"@type":"ReadAction","target":["https:\/\/www.congresopapagayos.com\/de\/redner\/"]}]},{"@type":"BreadcrumbList","@id":"https:\/\/www.congresopapagayos.com\/de\/redner\/#breadcrumb","itemListElement":[{"@type":"ListItem","position":1,"name":"Referenten"}]}]}},"_links":{"self":[{"href":"https:\/\/www.congresopapagayos.com\/de\/wp-json\/wp\/v2\/pages\/618"}],"collection":[{"href":"https:\/\/www.congresopapagayos.com\/de\/wp-json\/wp\/v2\/pages"}],"about":[{"href":"https:\/\/www.congresopapagayos.com\/de\/wp-json\/wp\/v2\/types\/page"}],"author":[{"embeddable":true,"href":"https:\/\/www.congresopapagayos.com\/de\/wp-json\/wp\/v2\/users\/2"}],"replies":[{"embeddable":true,"href":"https:\/\/www.congresopapagayos.com\/de\/wp-json\/wp\/v2\/comments?post=618"}],"version-history":[{"count":5,"href":"https:\/\/www.congresopapagayos.com\/de\/wp-json\/wp\/v2\/pages\/618\/revisions"}],"predecessor-version":[{"id":7319,"href":"https:\/\/www.congresopapagayos.com\/de\/wp-json\/wp\/v2\/pages\/618\/revisions\/7319"}],"wp:featuredmedia":[{"embeddable":true,"href":"https:\/\/www.congresopapagayos.com\/de\/wp-json\/wp\/v2\/media\/5894"}],"wp:attachment":[{"href":"https:\/\/www.congresopapagayos.com\/de\/wp-json\/wp\/v2\/media?parent=618"}],"curies":[{"name":"wp","href":"https:\/\/api.w.org\/{rel}","templated":true}]}}