{"id":602,"date":"2021-10-27T09:39:13","date_gmt":"2021-10-27T08:39:13","guid":{"rendered":"http:\/\/papagayos.22grados.dev\/ausgaben\/"},"modified":"2026-01-05T10:19:30","modified_gmt":"2026-01-05T10:19:30","slug":"ausgaben","status":"publish","type":"page","link":"https:\/\/www.congresopapagayos.com\/de\/ausgaben\/","title":{"rendered":"Fr\u00fchere Ausgaben"},"content":{"rendered":"","protected":false},"excerpt":{"rendered":"","protected":false},"author":2,"featured_media":3488,"parent":0,"menu_order":0,"comment_status":"closed","ping_status":"closed","template":"templates\/edition.php","meta":{"inline_featured_image":false,"_price":"","_stock":"","_tribe_ticket_header":"","_tribe_default_ticket_provider":"","_tribe_ticket_capacity":"","_ticket_start_date":"","_ticket_end_date":"","_tribe_ticket_show_description":"","_tribe_ticket_show_not_going":false,"_tribe_ticket_use_global_stock":"","_tribe_ticket_global_stock_level":"","_global_stock_mode":"","_global_stock_cap":"","_tribe_rsvp_for_event":"","_tribe_ticket_going_count":"","_tribe_ticket_not_going_count":"","_tribe_tickets_list":[],"_tribe_ticket_has_attendee_info_fields":false},"yoast_head":"<!-- This site is optimized with the Yoast SEO plugin v18.5.1 - https:\/\/yoast.com\/wordpress\/plugins\/seo\/ -->\n<title>Fr\u00fchere Ausgaben - XI Congreso de Papagayos de Tenerife<\/title>\n<meta name=\"description\" content=\"Fr\u00fchere Ausgaben des Papageienkongresses: Fotogalerien, Highlights der Vortr\u00e4ge und unvergessliche Momente aus Teneriffa.\" \/>\n<meta name=\"robots\" content=\"index, follow, max-snippet:-1, max-image-preview:large, max-video-preview:-1\" \/>\n<link rel=\"canonical\" href=\"https:\/\/www.congresopapagayos.com\/de\/ausgaben\/\" \/>\n<meta property=\"og:locale\" content=\"de_DE\" \/>\n<meta property=\"og:type\" content=\"article\" \/>\n<meta property=\"og:title\" content=\"Fr\u00fchere Ausgaben - XI Congreso de Papagayos de Tenerife\" \/>\n<meta property=\"og:description\" content=\"Fr\u00fchere Ausgaben des Papageienkongresses: Fotogalerien, Highlights der Vortr\u00e4ge und unvergessliche Momente aus Teneriffa.\" \/>\n<meta property=\"og:url\" content=\"https:\/\/www.congresopapagayos.com\/de\/ausgaben\/\" \/>\n<meta property=\"og:site_name\" content=\"XI Congreso de Papagayos de Tenerife\" \/>\n<meta property=\"article:modified_time\" content=\"2026-01-05T10:19:30+00:00\" \/>\n<meta name=\"twitter:card\" content=\"summary_large_image\" \/>\n<meta name=\"twitter:image\" content=\"https:\/\/www.congresopapagayos.com\/wp-content\/uploads\/FONDO2.webp\" \/>\n<script type=\"application\/ld+json\" class=\"yoast-schema-graph\">{\"@context\":\"https:\/\/schema.org\",\"@graph\":[{\"@type\":\"WebSite\",\"@id\":\"https:\/\/www.congresopapagayos.com\/#website\",\"url\":\"https:\/\/www.congresopapagayos.com\/\",\"name\":\"XI Congreso de Papagayos de Tenerife\",\"description\":\"XI Congreso de Papagayos de Tenerife 2026\",\"potentialAction\":[{\"@type\":\"SearchAction\",\"target\":{\"@type\":\"EntryPoint\",\"urlTemplate\":\"https:\/\/www.congresopapagayos.com\/?s={search_term_string}\"},\"query-input\":\"required name=search_term_string\"}],\"inLanguage\":\"de\"},{\"@type\":\"ImageObject\",\"@id\":\"https:\/\/www.congresopapagayos.com\/de\/ausgaben\/#primaryimage\",\"inLanguage\":\"de\",\"url\":\"https:\/\/www.congresopapagayos.com\/wp-content\/uploads\/FONDO2.webp\",\"contentUrl\":\"https:\/\/www.congresopapagayos.com\/wp-content\/uploads\/FONDO2.webp\",\"width\":1920,\"height\":1169},{\"@type\":\"WebPage\",\"@id\":\"https:\/\/www.congresopapagayos.com\/de\/ausgaben\/#webpage\",\"url\":\"https:\/\/www.congresopapagayos.com\/de\/ausgaben\/\",\"name\":\"Fr\u00fchere Ausgaben - XI Congreso de Papagayos de Tenerife\",\"isPartOf\":{\"@id\":\"https:\/\/www.congresopapagayos.com\/#website\"},\"primaryImageOfPage\":{\"@id\":\"https:\/\/www.congresopapagayos.com\/de\/ausgaben\/#primaryimage\"},\"datePublished\":\"2021-10-27T08:39:13+00:00\",\"dateModified\":\"2026-01-05T10:19:30+00:00\",\"description\":\"Fr\u00fchere Ausgaben des Papageienkongresses: Fotogalerien, Highlights der Vortr\u00e4ge und unvergessliche Momente aus Teneriffa.\",\"breadcrumb\":{\"@id\":\"https:\/\/www.congresopapagayos.com\/de\/ausgaben\/#breadcrumb\"},\"inLanguage\":\"de\",\"potentialAction\":[{\"@type\":\"ReadAction\",\"target\":[\"https:\/\/www.congresopapagayos.com\/de\/ausgaben\/\"]}]},{\"@type\":\"BreadcrumbList\",\"@id\":\"https:\/\/www.congresopapagayos.com\/de\/ausgaben\/#breadcrumb\",\"itemListElement\":[{\"@type\":\"ListItem\",\"position\":1,\"name\":\"Fr\u00fchere Ausgaben\"}]}]}<\/script>\n<!-- \/ Yoast SEO plugin. -->","yoast_head_json":{"title":"Fr\u00fchere Ausgaben - XI Congreso de Papagayos de Tenerife","description":"Fr\u00fchere Ausgaben des Papageienkongresses: Fotogalerien, Highlights der Vortr\u00e4ge und unvergessliche Momente aus Teneriffa.","robots":{"index":"index","follow":"follow","max-snippet":"max-snippet:-1","max-image-preview":"max-image-preview:large","max-video-preview":"max-video-preview:-1"},"canonical":"https:\/\/www.congresopapagayos.com\/de\/ausgaben\/","og_locale":"de_DE","og_type":"article","og_title":"Fr\u00fchere Ausgaben - XI Congreso de Papagayos de Tenerife","og_description":"Fr\u00fchere Ausgaben des Papageienkongresses: Fotogalerien, Highlights der Vortr\u00e4ge und unvergessliche Momente aus Teneriffa.","og_url":"https:\/\/www.congresopapagayos.com\/de\/ausgaben\/","og_site_name":"XI Congreso de Papagayos de Tenerife","article_modified_time":"2026-01-05T10:19:30+00:00","twitter_card":"summary_large_image","twitter_image":"https:\/\/www.congresopapagayos.com\/wp-content\/uploads\/FONDO2.webp","schema":{"@context":"https:\/\/schema.org","@graph":[{"@type":"WebSite","@id":"https:\/\/www.congresopapagayos.com\/#website","url":"https:\/\/www.congresopapagayos.com\/","name":"XI Congreso de Papagayos de Tenerife","description":"XI Congreso de Papagayos de Tenerife 2026","potentialAction":[{"@type":"SearchAction","target":{"@type":"EntryPoint","urlTemplate":"https:\/\/www.congresopapagayos.com\/?s={search_term_string}"},"query-input":"required name=search_term_string"}],"inLanguage":"de"},{"@type":"ImageObject","@id":"https:\/\/www.congresopapagayos.com\/de\/ausgaben\/#primaryimage","inLanguage":"de","url":"https:\/\/www.congresopapagayos.com\/wp-content\/uploads\/FONDO2.webp","contentUrl":"https:\/\/www.congresopapagayos.com\/wp-content\/uploads\/FONDO2.webp","width":1920,"height":1169},{"@type":"WebPage","@id":"https:\/\/www.congresopapagayos.com\/de\/ausgaben\/#webpage","url":"https:\/\/www.congresopapagayos.com\/de\/ausgaben\/","name":"Fr\u00fchere Ausgaben - XI Congreso de Papagayos de Tenerife","isPartOf":{"@id":"https:\/\/www.congresopapagayos.com\/#website"},"primaryImageOfPage":{"@id":"https:\/\/www.congresopapagayos.com\/de\/ausgaben\/#primaryimage"},"datePublished":"2021-10-27T08:39:13+00:00","dateModified":"2026-01-05T10:19:30+00:00","description":"Fr\u00fchere Ausgaben des Papageienkongresses: Fotogalerien, Highlights der Vortr\u00e4ge und unvergessliche Momente aus Teneriffa.","breadcrumb":{"@id":"https:\/\/www.congresopapagayos.com\/de\/ausgaben\/#breadcrumb"},"inLanguage":"de","potentialAction":[{"@type":"ReadAction","target":["https:\/\/www.congresopapagayos.com\/de\/ausgaben\/"]}]},{"@type":"BreadcrumbList","@id":"https:\/\/www.congresopapagayos.com\/de\/ausgaben\/#breadcrumb","itemListElement":[{"@type":"ListItem","position":1,"name":"Fr\u00fchere Ausgaben"}]}]}},"_links":{"self":[{"href":"https:\/\/www.congresopapagayos.com\/de\/wp-json\/wp\/v2\/pages\/602"}],"collection":[{"href":"https:\/\/www.congresopapagayos.com\/de\/wp-json\/wp\/v2\/pages"}],"about":[{"href":"https:\/\/www.congresopapagayos.com\/de\/wp-json\/wp\/v2\/types\/page"}],"author":[{"embeddable":true,"href":"https:\/\/www.congresopapagayos.com\/de\/wp-json\/wp\/v2\/users\/2"}],"replies":[{"embeddable":true,"href":"https:\/\/www.congresopapagayos.com\/de\/wp-json\/wp\/v2\/comments?post=602"}],"version-history":[{"count":12,"href":"https:\/\/www.congresopapagayos.com\/de\/wp-json\/wp\/v2\/pages\/602\/revisions"}],"predecessor-version":[{"id":7544,"href":"https:\/\/www.congresopapagayos.com\/de\/wp-json\/wp\/v2\/pages\/602\/revisions\/7544"}],"wp:featuredmedia":[{"embeddable":true,"href":"https:\/\/www.congresopapagayos.com\/de\/wp-json\/wp\/v2\/media\/3488"}],"wp:attachment":[{"href":"https:\/\/www.congresopapagayos.com\/de\/wp-json\/wp\/v2\/media?parent=602"}],"curies":[{"name":"wp","href":"https:\/\/api.w.org\/{rel}","templated":true}]}}