{"id":2159,"date":"2022-03-18T09:41:13","date_gmt":"2022-03-18T09:41:13","guid":{"rendered":"https:\/\/www.loroparque-fundacion.org\/congreso-papagayos\/?page_id=2159"},"modified":"2026-03-02T12:33:52","modified_gmt":"2026-03-02T12:33:52","slug":"information","status":"publish","type":"page","link":"https:\/\/www.congresopapagayos.com\/de\/information\/","title":{"rendered":"Information"},"content":{"rendered":"\n<figure class=\"wp-block-table\"><table><tbody><tr><td><\/td><td><\/td><\/tr><tr><td><\/td><td><\/td><\/tr><\/tbody><\/table><\/figure>\n\n\n\n<figure class=\"wp-block-image alignwide size-full\"><img loading=\"lazy\" width=\"642\" height=\"264\" src=\"https:\/\/www.loroparque.com\/congreso-papagayos\/wp-content\/uploads\/LOGO-CONGRESO-DE-LOROS-ALEMAN-1.png\" alt=\"\" class=\"wp-image-6064\" srcset=\"https:\/\/www.congresopapagayos.com\/wp-content\/uploads\/LOGO-CONGRESO-DE-LOROS-ALEMAN-1.png 642w, https:\/\/www.congresopapagayos.com\/wp-content\/uploads\/LOGO-CONGRESO-DE-LOROS-ALEMAN-1-300x123.png 300w, https:\/\/www.congresopapagayos.com\/wp-content\/uploads\/LOGO-CONGRESO-DE-LOROS-ALEMAN-1-600x247.png 600w\" sizes=\"(max-width: 642px) 100vw, 642px\" \/><\/figure>\n\n\n\n<figure class=\"wp-block-table\"><table><tbody><tr><td><\/td><td><\/td><\/tr><tr><td><\/td><td><\/td><\/tr><\/tbody><\/table><\/figure>\n\n\n\n<p class=\"has-text-align-center has-medium-font-size\"><strong>Kontakt<\/strong><\/p>\n\n\n\n<p><br><\/p>\n\n\n\n<p class=\"has-text-align-center\">Adresse: Avenida Loro Parque, s\/n 38400, Puerto de la Cruz.Espa\u00f1a<\/p>\n\n\n\n<p class=\"has-text-align-center\">Email: congreso@loroparque.com<\/p>\n\n\n<p class=\"has-text-align-center\">Telefon: (+34) 922 373 841 Ext. 281<\/p>\n<p class=\"has-text-align-center\">WhatsApp (+34) 647 75 95 31<\/p>\n\n\n<p><br><\/p>\n\n\n\n<p class=\"has-medium-font-size has-text-align-center\"><strong>Teneriffa hat zwei Flugh\u00e4fen:<\/strong><\/p>\n\n\n\n<p style=\"margin-bottom:5%\"><\/p>\n\n\n\n<p class=\"has-text-align-center\"><strong>Tenerife Norte &#8211; Los Rodeos<\/strong><\/p>\n\n\n\n<p>Der Flughafen Los Rodeos &#8211; Tenerife Norte befindet sich im Norden der Insel, in der Gemeinde La Laguna und 26 Kilometer von Puerto de la Cruz entfernt. Dieser Flughafen, einer der beiden Flugh\u00e4fen Teneriffas, wird haupts\u00e4chlich f\u00fcr Fl\u00fcge zwischen den Inseln und f\u00fcr Inlandsfl\u00fcge genutzt, obwohl auch einige internationale Fl\u00fcge stattfinden.<\/p>\n\n\n\n<hr class=\"wp-block-separator has-css-opacity is-style-dots\"\/>\n\n\n\n<p class=\"has-text-align-center\"><strong>Tenerife Sur &#8211; Reina Sofia<\/strong><\/p>\n\n\n\n<p>Der Flughafen Tenerife Sur &#8211; Reina Sofia befindet sich in der Gemeinde Granadilla de Abona, 91 Kilometer von Puerto de la Cruz entfernt. Von hier aus bieten mehr als 150 Fluggesellschaften Fl\u00fcge zwischen den Inseln sowie nationale und internationale Fl\u00fcge an.<\/p>\n\n\n\n<hr class=\"wp-block-separator has-css-opacity\"\/>\n\n\n\n<p class=\"has-text-align-center has-medium-font-size\"><strong>Anfahrt nach Puerto de la Cruz:<\/strong><\/p>\n\n\n\n<p style=\"margin-bottom:10%\"><\/p>\n\n\n\n<p class=\"has-text-align-center\"><strong>Mietwagen:<\/strong><\/p>\n\n\n\n<p>Wenn Sie lieber selbst fahren m\u00f6chten, k\u00f6nnen Sie ein Fahrzeug Ihrer Wahl mieten, sei es ein Motorrad, ein Auto, ein Kleinbus oder ein Nutzfahrzeug. F\u00fcr ihre Professionalit\u00e4t und guten Service empfehlen wir:<\/p>\n\n\n\n<p class=\"has-text-align-center\">&nbsp;&nbsp;&nbsp;&nbsp;&nbsp;&nbsp;&nbsp;&nbsp;&nbsp;&nbsp;&nbsp;&nbsp;&nbsp;&nbsp;&nbsp; AUTOREISEN     <a href=\"https:\/\/www.autoreisen.com\" target=\"_blank\" rel=\"noreferrer noopener\">https:\/\/www.autoreisen.com<\/a><\/p>\n\n\n\n<p style=\"margin-bottom:5%\"><\/p>\n\n\n\n<p class=\"has-text-align-center\"><strong>Mit dem Bus:<\/strong><\/p>\n\n\n\n<p style=\"margin-bottom:5%\"><\/p>\n\n\n\n<p>Buslinie 30: Flughafen Tenerife Norte &#8211; Puerto de la Cruz &#8211; Flughafen Tenerife Norte<\/p>\n\n\n\n<p>Fahrpreis:&nbsp; &nbsp;&nbsp;&nbsp;&nbsp;&nbsp;&nbsp;&nbsp;&nbsp; 4,75\u20ac<\/p>\n\n\n\n<hr class=\"wp-block-separator has-css-opacity is-style-dots\"\/>\n\n\n\n<p>Bus 343: Flughafen Tenerife Sur &#8211; Puerto de la Cruz &#8211; Flughafen Tenerife Sur<\/p>\n\n\n\n<p>4 t\u00e4gliche Dienste<\/p>\n\n\n\n<p>Fahrpreis: &nbsp;&nbsp;&nbsp;&nbsp;&nbsp;&nbsp;&nbsp;&nbsp;&nbsp; 13,55\u20ac.<\/p>\n\n\n\n<hr class=\"wp-block-separator has-css-opacity is-style-dots\"\/>\n\n\n\n<p>Linie 111: Flughafen Tenerife Sur &#8211; Umsteigebahnhof S\/C de Tenerife &#8211; Tenerife Sur<\/p>\n\n\n\n<p>Linie 103: Umsteigebahnhof S\/C &#8211; Puerto de la Cruz &#8211; Umsteigebahnhof S\/C<\/p>\n\n\n\n<p>Fahrpreis: etwa 15 \u20ac.<\/p>\n\n\n\n<hr class=\"wp-block-separator has-css-opacity is-style-dots\"\/>\n\n\n\n<p>Zeitplan: T\u00e4glich aktualisierte Informationen finden Sie auf der Website <a href=\"https:\/\/www.titsa.com\/index.php\/en\/\" target=\"_blank\" rel=\"noreferrer noopener\">www.titsa.com<\/a> .<\/p>\n\n\n\n<p style=\"margin-bottom:5%\"><\/p>\n\n\n\n<p class=\"has-text-align-center\"><strong>Taxi:<\/strong><\/p>\n\n\n\n<p>Nehmen Sie immer ein Taxi vom ausgeschilderten Taxistand am Passagierterminal und meiden Sie Taxifahrer, die ihre Dienste au\u00dferhalb dieses Standorts anbieten. Verlangen Sie bei Reklamationen die Rechnung. <\/p>\n\n\n\n<p>Fahrpreis: TFN &#8211; &nbsp;40\u20ac, TFS &#8211; 140\u20ac.<\/p>\n\n\n\n<p style=\"margin-bottom:20%\"><\/p>\n\n\n<div class='weather-atlas-wrapper' style='background:#1e73be;border:1px solid #0d62ad;color:#fff;'><div class='weather-atlas-header' style='border-bottom:1px solid #0d62ad'>Puerto de la Cruz, ES<\/div><div class='weather-atlas-body'><div class='current_horizontal'><div class='current_temp'><i class='wi wi-fw wi-weather-28'><\/i><span class='temp'>19\u00b0<\/span><div class='current_text'>Stark Bew\u00f6lkt<\/div><div class='sunrise_sunset'>07:01<i class='wi wi-fw wi-weather-32'><\/i>19:21 WEST<\/div><\/div><span class='current_text_2'>Gef\u00fchlt: 19<small>\u00b0C<\/small><br\/>Wind: 18<small>km\/h<\/small> NW<br\/>Feuchtigkeit: 73<small>%<\/small><br\/>Druck: 1017.27<small>mbar<\/small><br\/>UV-Index: 6<\/span><\/div><div class='daily days' style='border-bottom:1px solid #0d62ad'><span class='extended_day extended_day_1'>Sa.<\/span><span class='extended_day extended_day_2'>So.<\/span><span class='extended_day extended_day_3'>Mo.<\/span><span class='extended_day extended_day_4'>Di.<\/span><span class='extended_day extended_day_5'>Mi.<\/span><\/div><div class='daily'><span class='extended_day extended_day_1' title='Sonnig'>22<small>\u00b0C<\/small> \/ 13<small>\u00b0C<\/small><br\/><i class='wi wi-fw wi-weather-32'><\/i><\/span><span class='extended_day extended_day_2' title='Sonnig'>22<small>\u00b0C<\/small> \/ 14<small>\u00b0C<\/small><br\/><i class='wi wi-fw wi-weather-32'><\/i><\/span><span class='extended_day extended_day_3' title='Sonnig'>22<small>\u00b0C<\/small> \/ 14<small>\u00b0C<\/small><br\/><i class='wi wi-fw wi-weather-32'><\/i><\/span><span class='extended_day extended_day_4' title='Meist Sonnig'>24<small>\u00b0C<\/small> \/ 17<small>\u00b0C<\/small><br\/><i class='wi wi-fw wi-weather-34'><\/i><\/span><span class='extended_day extended_day_5' title='Sonnig'>25<small>\u00b0C<\/small> \/ 16<small>\u00b0C<\/small><br\/><i class='wi wi-fw wi-weather-32'><\/i><\/span><\/div><\/div><div class='weather-atlas-footer' style='border-top:1px solid #0d62ad'><a href='https:\/\/www.weather-atlas.com\/en\/spain\/puerto-de-la-cruz-long-term-weather-forecast' title='Puerto de la Cruz, ES - 10 days weather forecast' style='color:#fff'><span class='weather-atlas-footer-block'>Puerto de la Cruz, ES<\/span> 10 days weather forecast &#9656;<\/a><\/div><\/div>\n\n\n\n<p><\/p>\n","protected":false},"excerpt":{"rendered":"<p>Kontakt Adresse: Avenida Loro Parque, s\/n 38400, Puerto de la Cruz.Espa\u00f1a Email: congreso@loroparque.com Telefon: (+34) 922 373 841 Ext. 281<\/p>\n","protected":false},"author":2,"featured_media":5861,"parent":0,"menu_order":0,"comment_status":"closed","ping_status":"closed","template":"templates\/programme.php","meta":{"inline_featured_image":false,"_price":"","_stock":"","_tribe_ticket_header":"","_tribe_default_ticket_provider":"","_tribe_ticket_capacity":"0","_ticket_start_date":"","_ticket_end_date":"","_tribe_ticket_show_description":"","_tribe_ticket_show_not_going":false,"_tribe_ticket_use_global_stock":"","_tribe_ticket_global_stock_level":"","_global_stock_mode":"","_global_stock_cap":"","_tribe_rsvp_for_event":"","_tribe_ticket_going_count":"","_tribe_ticket_not_going_count":"","_tribe_tickets_list":[],"_tribe_ticket_has_attendee_info_fields":false},"yoast_head":"<!-- This site is optimized with the Yoast SEO plugin v18.5.1 - https:\/\/yoast.com\/wordpress\/plugins\/seo\/ -->\n<title>Information - XI Congreso de Papagayos de Tenerife<\/title>\n<meta name=\"description\" content=\"Alle Infos zum Papageienkongress 2026 auf Teneriffa: Termine, Ort, Referenten, Aktivit\u00e4ten und mehr. Mach dich bereit f\u00fcr das bunteste Event.\" \/>\n<meta name=\"robots\" content=\"index, follow, max-snippet:-1, max-image-preview:large, max-video-preview:-1\" \/>\n<link rel=\"canonical\" href=\"https:\/\/www.congresopapagayos.com\/de\/information\/\" \/>\n<meta property=\"og:locale\" content=\"de_DE\" \/>\n<meta property=\"og:type\" content=\"article\" \/>\n<meta property=\"og:title\" content=\"Information - XI Congreso de Papagayos de Tenerife\" \/>\n<meta property=\"og:description\" content=\"Alle Infos zum Papageienkongress 2026 auf Teneriffa: Termine, Ort, Referenten, Aktivit\u00e4ten und mehr. Mach dich bereit f\u00fcr das bunteste Event.\" \/>\n<meta property=\"og:url\" content=\"https:\/\/www.congresopapagayos.com\/de\/information\/\" \/>\n<meta property=\"og:site_name\" content=\"XI Congreso de Papagayos de Tenerife\" \/>\n<meta property=\"article:modified_time\" content=\"2026-03-02T12:33:52+00:00\" \/>\n<meta name=\"twitter:card\" content=\"summary_large_image\" \/>\n<meta name=\"twitter:image\" content=\"https:\/\/www.congresopapagayos.com\/wp-content\/uploads\/FONDO-3500x3500px-1-scaled.webp\" \/>\n<meta name=\"twitter:label1\" content=\"Gesch\u00e4tzte Lesezeit\" \/>\n\t<meta name=\"twitter:data1\" content=\"2\u00a0Minuten\" \/>\n<script type=\"application\/ld+json\" class=\"yoast-schema-graph\">{\"@context\":\"https:\/\/schema.org\",\"@graph\":[{\"@type\":\"WebSite\",\"@id\":\"https:\/\/www.congresopapagayos.com\/#website\",\"url\":\"https:\/\/www.congresopapagayos.com\/\",\"name\":\"XI Congreso de Papagayos de Tenerife\",\"description\":\"XI Congreso de Papagayos de Tenerife 2026\",\"potentialAction\":[{\"@type\":\"SearchAction\",\"target\":{\"@type\":\"EntryPoint\",\"urlTemplate\":\"https:\/\/www.congresopapagayos.com\/?s={search_term_string}\"},\"query-input\":\"required name=search_term_string\"}],\"inLanguage\":\"de\"},{\"@type\":\"ImageObject\",\"@id\":\"https:\/\/www.congresopapagayos.com\/de\/information\/#primaryimage\",\"inLanguage\":\"de\",\"url\":\"https:\/\/www.congresopapagayos.com\/wp-content\/uploads\/FONDO-3500x3500px-1-scaled.webp\",\"contentUrl\":\"https:\/\/www.congresopapagayos.com\/wp-content\/uploads\/FONDO-3500x3500px-1-scaled.webp\",\"width\":2560,\"height\":2560},{\"@type\":\"WebPage\",\"@id\":\"https:\/\/www.congresopapagayos.com\/de\/information\/#webpage\",\"url\":\"https:\/\/www.congresopapagayos.com\/de\/information\/\",\"name\":\"Information - XI Congreso de Papagayos de Tenerife\",\"isPartOf\":{\"@id\":\"https:\/\/www.congresopapagayos.com\/#website\"},\"primaryImageOfPage\":{\"@id\":\"https:\/\/www.congresopapagayos.com\/de\/information\/#primaryimage\"},\"datePublished\":\"2022-03-18T09:41:13+00:00\",\"dateModified\":\"2026-03-02T12:33:52+00:00\",\"description\":\"Alle Infos zum Papageienkongress 2026 auf Teneriffa: Termine, Ort, Referenten, Aktivit\u00e4ten und mehr. Mach dich bereit f\u00fcr das bunteste Event.\",\"breadcrumb\":{\"@id\":\"https:\/\/www.congresopapagayos.com\/de\/information\/#breadcrumb\"},\"inLanguage\":\"de\",\"potentialAction\":[{\"@type\":\"ReadAction\",\"target\":[\"https:\/\/www.congresopapagayos.com\/de\/information\/\"]}]},{\"@type\":\"BreadcrumbList\",\"@id\":\"https:\/\/www.congresopapagayos.com\/de\/information\/#breadcrumb\",\"itemListElement\":[{\"@type\":\"ListItem\",\"position\":1,\"name\":\"Information\"}]}]}<\/script>\n<!-- \/ Yoast SEO plugin. -->","yoast_head_json":{"title":"Information - XI Congreso de Papagayos de Tenerife","description":"Alle Infos zum Papageienkongress 2026 auf Teneriffa: Termine, Ort, Referenten, Aktivit\u00e4ten und mehr. Mach dich bereit f\u00fcr das bunteste Event.","robots":{"index":"index","follow":"follow","max-snippet":"max-snippet:-1","max-image-preview":"max-image-preview:large","max-video-preview":"max-video-preview:-1"},"canonical":"https:\/\/www.congresopapagayos.com\/de\/information\/","og_locale":"de_DE","og_type":"article","og_title":"Information - XI Congreso de Papagayos de Tenerife","og_description":"Alle Infos zum Papageienkongress 2026 auf Teneriffa: Termine, Ort, Referenten, Aktivit\u00e4ten und mehr. Mach dich bereit f\u00fcr das bunteste Event.","og_url":"https:\/\/www.congresopapagayos.com\/de\/information\/","og_site_name":"XI Congreso de Papagayos de Tenerife","article_modified_time":"2026-03-02T12:33:52+00:00","twitter_card":"summary_large_image","twitter_image":"https:\/\/www.congresopapagayos.com\/wp-content\/uploads\/FONDO-3500x3500px-1-scaled.webp","twitter_misc":{"Gesch\u00e4tzte Lesezeit":"2\u00a0Minuten"},"schema":{"@context":"https:\/\/schema.org","@graph":[{"@type":"WebSite","@id":"https:\/\/www.congresopapagayos.com\/#website","url":"https:\/\/www.congresopapagayos.com\/","name":"XI Congreso de Papagayos de Tenerife","description":"XI Congreso de Papagayos de Tenerife 2026","potentialAction":[{"@type":"SearchAction","target":{"@type":"EntryPoint","urlTemplate":"https:\/\/www.congresopapagayos.com\/?s={search_term_string}"},"query-input":"required name=search_term_string"}],"inLanguage":"de"},{"@type":"ImageObject","@id":"https:\/\/www.congresopapagayos.com\/de\/information\/#primaryimage","inLanguage":"de","url":"https:\/\/www.congresopapagayos.com\/wp-content\/uploads\/FONDO-3500x3500px-1-scaled.webp","contentUrl":"https:\/\/www.congresopapagayos.com\/wp-content\/uploads\/FONDO-3500x3500px-1-scaled.webp","width":2560,"height":2560},{"@type":"WebPage","@id":"https:\/\/www.congresopapagayos.com\/de\/information\/#webpage","url":"https:\/\/www.congresopapagayos.com\/de\/information\/","name":"Information - XI Congreso de Papagayos de Tenerife","isPartOf":{"@id":"https:\/\/www.congresopapagayos.com\/#website"},"primaryImageOfPage":{"@id":"https:\/\/www.congresopapagayos.com\/de\/information\/#primaryimage"},"datePublished":"2022-03-18T09:41:13+00:00","dateModified":"2026-03-02T12:33:52+00:00","description":"Alle Infos zum Papageienkongress 2026 auf Teneriffa: Termine, Ort, Referenten, Aktivit\u00e4ten und mehr. Mach dich bereit f\u00fcr das bunteste Event.","breadcrumb":{"@id":"https:\/\/www.congresopapagayos.com\/de\/information\/#breadcrumb"},"inLanguage":"de","potentialAction":[{"@type":"ReadAction","target":["https:\/\/www.congresopapagayos.com\/de\/information\/"]}]},{"@type":"BreadcrumbList","@id":"https:\/\/www.congresopapagayos.com\/de\/information\/#breadcrumb","itemListElement":[{"@type":"ListItem","position":1,"name":"Information"}]}]}},"_links":{"self":[{"href":"https:\/\/www.congresopapagayos.com\/de\/wp-json\/wp\/v2\/pages\/2159"}],"collection":[{"href":"https:\/\/www.congresopapagayos.com\/de\/wp-json\/wp\/v2\/pages"}],"about":[{"href":"https:\/\/www.congresopapagayos.com\/de\/wp-json\/wp\/v2\/types\/page"}],"author":[{"embeddable":true,"href":"https:\/\/www.congresopapagayos.com\/de\/wp-json\/wp\/v2\/users\/2"}],"replies":[{"embeddable":true,"href":"https:\/\/www.congresopapagayos.com\/de\/wp-json\/wp\/v2\/comments?post=2159"}],"version-history":[{"count":16,"href":"https:\/\/www.congresopapagayos.com\/de\/wp-json\/wp\/v2\/pages\/2159\/revisions"}],"predecessor-version":[{"id":7611,"href":"https:\/\/www.congresopapagayos.com\/de\/wp-json\/wp\/v2\/pages\/2159\/revisions\/7611"}],"wp:featuredmedia":[{"embeddable":true,"href":"https:\/\/www.congresopapagayos.com\/de\/wp-json\/wp\/v2\/media\/5861"}],"wp:attachment":[{"href":"https:\/\/www.congresopapagayos.com\/de\/wp-json\/wp\/v2\/media?parent=2159"}],"curies":[{"name":"wp","href":"https:\/\/api.w.org\/{rel}","templated":true}]}}